{"id":284,"date":"2024-05-21T13:10:00","date_gmt":"2024-05-21T13:10:00","guid":{"rendered":"https:\/\/www.loader.at\/impressum\/"},"modified":"2024-06-17T12:33:50","modified_gmt":"2024-06-17T12:33:50","slug":"legal-notice","status":"publish","type":"page","link":"https:\/\/www.loader.at\/en\/legal-notice\/","title":{"rendered":"Legal notice"},"content":{"rendered":"<p>[et_pb_section fb_built=&#8221;1&#8243; _builder_version=&#8221;4.25.1&#8243; _module_preset=&#8221;default&#8221; global_colors_info=&#8221;{}&#8221;][et_pb_row _builder_version=&#8221;4.25.1&#8243; _module_preset=&#8221;default&#8221; global_colors_info=&#8221;{}&#8221;][et_pb_column type=&#8221;4_4&#8243; _builder_version=&#8221;4.25.1&#8243; _module_preset=&#8221;default&#8221; global_colors_info=&#8221;{}&#8221;][et_pb_text _builder_version=&#8221;4.25.1&#8243; _module_preset=&#8221;default&#8221; global_colors_info=&#8221;{}&#8221;]<\/p>\n<h1>Legal notice<\/h1>\n<p>Information according to section\u00a05 of the E-Commerce Act and disclosure according to section\u00a025 of the Media Act:<\/p>\n<p>Service provider and media owner:<\/p>\n<p><strong>Dr\u00a0Benjamin Loader<br \/><\/strong>Specialist in Ear, Nose and Throat Diseases<\/p>\n<p>Email: <a href=\"mailto:office@loader.at\">office@loader.at<\/a><br \/>Website: <a href=\"http:\/\/www.hno-loader.at\">www.hno-loader.at<\/a><br \/>Phone: <a href=\"tel:+431360668000\">+43 (0)1 360 66-8000<\/a><\/p>\n<p>D\u00f6bling Practice:<br \/>Heiligenst\u00e4dterstra\u00dfe 46-48 (<strong>1st floor<\/strong>)<br \/>1190 Vienna<br \/>(in the D\u00f6bling Private Medical Centre)<\/p>\n<p>Member of the Medical Chamber of Vienna (\u00c4rztekammer f\u00fcr Wien) and the Austrian ENT Society (<a href=\"https:\/\/www.hno.at\/hno-gesellschaft\/\" target=\"_blank\" rel=\"noopener\">\u00d6sterreichische HNO-Gesellschaft<\/a>)<\/p>\n<p>Professional title: Specialist in Ear, Nose and Throat Diseases (bestowed in Austria)<\/p>\n<p>Licensed to practise under the 1998 \u00c4rztegesetz (Austrian medical act) (see <a href=\"http:\/\/www.ris.bka.gv.at\/bundesrecht\" target=\"_blank\" rel=\"noopener\">http:\/\/www.ris.bka.gv.at\/bundesrecht<\/a>)<\/p>\n<p>&nbsp;<\/p>\n<h2>Credits<\/h2>\n<p>Website design and development: Stefanie Wagner, <a href=\"https:\/\/www.stefaniewagner.at\/\" target=\"_blank\" rel=\"noopener\">www.stefaniewagner.at<\/a><\/p>\n<p>Photos: XXX<\/p>\n<p>Text: Petra Haumer, Wortewelt<\/p>\n<p>&nbsp;<\/p>\n<h2>Copyright notice<\/h2>\n<p>The texts on these pages and the page design are protected by copyright. All rights are reserved, especially the rights of duplication, dissemination and translation. No part of these pages may be reproduced in any form or by any means whatsoever without permission in writing from Dr\u00a0Benjamin Loader.None of this page content may be stored, edited, duplicated or disseminated using electronic systems or in any other way. However, you are of course permitted to download the texts for personal, private and non-commercial use.<\/p>\n<p>[\/et_pb_text][\/et_pb_column][\/et_pb_row][\/et_pb_section]<\/p>\n","protected":false},"excerpt":{"rendered":"<p>Legal notice Information according to section\u00a05 of the E-Commerce Act and disclosure according to section\u00a025 of the Media Act: Service provider and media owner: Dr\u00a0Benjamin LoaderSpecialist in Ear, Nose and Throat Diseases Email: office@loader.atWebsite: www.hno-loader.atPhone: +43 (0)1 360 66-8000 D\u00f6bling Practice:Heiligenst\u00e4dterstra\u00dfe 46-48 (1st floor)1190 Vienna(in the D\u00f6bling Private Medical Centre) Member of the Medical Chamber [&hellip;]<\/p>\n","protected":false},"author":1,"featured_media":0,"parent":0,"menu_order":0,"comment_status":"closed","ping_status":"closed","template":"","meta":{"_et_pb_use_builder":"on","_et_pb_old_content":"","_et_gb_content_width":"","footnotes":""},"class_list":["post-284","page","type-page","status-publish","hentry"],"yoast_head":"<!-- This site is optimized with the Yoast SEO plugin v27.4 - https:\/\/yoast.com\/product\/yoast-seo-wordpress\/ -->\n<title>Legal notice &#8226; ENT Specialist Dr. Benjamin Loader<\/title>\n<meta name=\"robots\" content=\"index, follow, max-snippet:-1, max-image-preview:large, max-video-preview:-1\" \/>\n<link rel=\"canonical\" href=\"https:\/\/www.loader.at\/en\/legal-notice\/\" \/>\n<meta property=\"og:locale\" content=\"en_US\" \/>\n<meta property=\"og:type\" content=\"article\" \/>\n<meta property=\"og:title\" content=\"Legal notice &#8226; ENT Specialist Dr. Benjamin Loader\" \/>\n<meta property=\"og:description\" content=\"Legal notice Information according to section\u00a05 of the E-Commerce Act and disclosure according to section\u00a025 of the Media Act: Service provider and media owner: Dr\u00a0Benjamin LoaderSpecialist in Ear, Nose and Throat Diseases Email: office@loader.atWebsite: www.hno-loader.atPhone: +43 (0)1 360 66-8000 D\u00f6bling Practice:Heiligenst\u00e4dterstra\u00dfe 46-48 (1st floor)1190 Vienna(in the D\u00f6bling Private Medical Centre) Member of the Medical Chamber [&hellip;]\" \/>\n<meta property=\"og:url\" content=\"https:\/\/www.loader.at\/en\/legal-notice\/\" \/>\n<meta property=\"og:site_name\" content=\"ENT Specialist Dr. Benjamin Loader\" \/>\n<meta property=\"article:modified_time\" content=\"2024-06-17T12:33:50+00:00\" \/>\n<meta property=\"og:image\" content=\"https:\/\/www.loader.at\/wp-content\/uploads\/2024\/05\/DSC00546_2.jpg\" \/>\n\t<meta property=\"og:image:width\" content=\"1920\" \/>\n\t<meta property=\"og:image:height\" content=\"1280\" \/>\n\t<meta property=\"og:image:type\" content=\"image\/jpeg\" \/>\n<meta name=\"twitter:card\" content=\"summary_large_image\" \/>\n<meta name=\"twitter:label1\" content=\"Est. reading time\" \/>\n\t<meta name=\"twitter:data1\" content=\"1 minute\" \/>\n<script type=\"application\/ld+json\" class=\"yoast-schema-graph\">{\"@context\":\"https:\\\/\\\/schema.org\",\"@graph\":[{\"@type\":\"WebPage\",\"@id\":\"https:\\\/\\\/www.loader.at\\\/en\\\/legal-notice\\\/\",\"url\":\"https:\\\/\\\/www.loader.at\\\/en\\\/legal-notice\\\/\",\"name\":\"Legal notice &#8226; ENT Specialist Dr. Benjamin Loader\",\"isPartOf\":{\"@id\":\"https:\\\/\\\/www.loader.at\\\/en\\\/#website\"},\"datePublished\":\"2024-05-21T13:10:00+00:00\",\"dateModified\":\"2024-06-17T12:33:50+00:00\",\"breadcrumb\":{\"@id\":\"https:\\\/\\\/www.loader.at\\\/en\\\/legal-notice\\\/#breadcrumb\"},\"inLanguage\":\"en-US\",\"potentialAction\":[{\"@type\":\"ReadAction\",\"target\":[\"https:\\\/\\\/www.loader.at\\\/en\\\/legal-notice\\\/\"]}]},{\"@type\":\"BreadcrumbList\",\"@id\":\"https:\\\/\\\/www.loader.at\\\/en\\\/legal-notice\\\/#breadcrumb\",\"itemListElement\":[{\"@type\":\"ListItem\",\"position\":1,\"name\":\"Startseite\",\"item\":\"https:\\\/\\\/www.loader.at\\\/en\\\/\"},{\"@type\":\"ListItem\",\"position\":2,\"name\":\"Legal notice\"}]},{\"@type\":\"WebSite\",\"@id\":\"https:\\\/\\\/www.loader.at\\\/en\\\/#website\",\"url\":\"https:\\\/\\\/www.loader.at\\\/en\\\/\",\"name\":\"HNO Dr. Benjamin Loader\",\"description\":\"Otorhinolaryngologist in Vienna\",\"publisher\":{\"@id\":\"https:\\\/\\\/www.loader.at\\\/en\\\/#organization\"},\"potentialAction\":[{\"@type\":\"SearchAction\",\"target\":{\"@type\":\"EntryPoint\",\"urlTemplate\":\"https:\\\/\\\/www.loader.at\\\/en\\\/?s={search_term_string}\"},\"query-input\":{\"@type\":\"PropertyValueSpecification\",\"valueRequired\":true,\"valueName\":\"search_term_string\"}}],\"inLanguage\":\"en-US\"},{\"@type\":\"Organization\",\"@id\":\"https:\\\/\\\/www.loader.at\\\/en\\\/#organization\",\"name\":\"HNO Dr. Benjamin Loader\",\"url\":\"https:\\\/\\\/www.loader.at\\\/en\\\/\",\"logo\":{\"@type\":\"ImageObject\",\"inLanguage\":\"en-US\",\"@id\":\"https:\\\/\\\/www.loader.at\\\/en\\\/#\\\/schema\\\/logo\\\/image\\\/\",\"url\":\"https:\\\/\\\/www.loader.at\\\/wp-content\\\/uploads\\\/2024\\\/05\\\/BENJI_LOADERlogo_transparent-blau.png\",\"contentUrl\":\"https:\\\/\\\/www.loader.at\\\/wp-content\\\/uploads\\\/2024\\\/05\\\/BENJI_LOADERlogo_transparent-blau.png\",\"width\":2139,\"height\":662,\"caption\":\"HNO Dr. Benjamin Loader\"},\"image\":{\"@id\":\"https:\\\/\\\/www.loader.at\\\/en\\\/#\\\/schema\\\/logo\\\/image\\\/\"}}]}<\/script>\n<!-- \/ Yoast SEO plugin. -->","yoast_head_json":{"title":"Legal notice &#8226; ENT Specialist Dr. Benjamin Loader","robots":{"index":"index","follow":"follow","max-snippet":"max-snippet:-1","max-image-preview":"max-image-preview:large","max-video-preview":"max-video-preview:-1"},"canonical":"https:\/\/www.loader.at\/en\/legal-notice\/","og_locale":"en_US","og_type":"article","og_title":"Legal notice &#8226; ENT Specialist Dr. Benjamin Loader","og_description":"Legal notice Information according to section\u00a05 of the E-Commerce Act and disclosure according to section\u00a025 of the Media Act: Service provider and media owner: Dr\u00a0Benjamin LoaderSpecialist in Ear, Nose and Throat Diseases Email: office@loader.atWebsite: www.hno-loader.atPhone: +43 (0)1 360 66-8000 D\u00f6bling Practice:Heiligenst\u00e4dterstra\u00dfe 46-48 (1st floor)1190 Vienna(in the D\u00f6bling Private Medical Centre) Member of the Medical Chamber [&hellip;]","og_url":"https:\/\/www.loader.at\/en\/legal-notice\/","og_site_name":"ENT Specialist Dr. Benjamin Loader","article_modified_time":"2024-06-17T12:33:50+00:00","og_image":[{"width":1920,"height":1280,"url":"https:\/\/www.loader.at\/wp-content\/uploads\/2024\/05\/DSC00546_2.jpg","type":"image\/jpeg"}],"twitter_card":"summary_large_image","twitter_misc":{"Est. reading time":"1 minute"},"schema":{"@context":"https:\/\/schema.org","@graph":[{"@type":"WebPage","@id":"https:\/\/www.loader.at\/en\/legal-notice\/","url":"https:\/\/www.loader.at\/en\/legal-notice\/","name":"Legal notice &#8226; ENT Specialist Dr. Benjamin Loader","isPartOf":{"@id":"https:\/\/www.loader.at\/en\/#website"},"datePublished":"2024-05-21T13:10:00+00:00","dateModified":"2024-06-17T12:33:50+00:00","breadcrumb":{"@id":"https:\/\/www.loader.at\/en\/legal-notice\/#breadcrumb"},"inLanguage":"en-US","potentialAction":[{"@type":"ReadAction","target":["https:\/\/www.loader.at\/en\/legal-notice\/"]}]},{"@type":"BreadcrumbList","@id":"https:\/\/www.loader.at\/en\/legal-notice\/#breadcrumb","itemListElement":[{"@type":"ListItem","position":1,"name":"Startseite","item":"https:\/\/www.loader.at\/en\/"},{"@type":"ListItem","position":2,"name":"Legal notice"}]},{"@type":"WebSite","@id":"https:\/\/www.loader.at\/en\/#website","url":"https:\/\/www.loader.at\/en\/","name":"HNO Dr. Benjamin Loader","description":"Otorhinolaryngologist in Vienna","publisher":{"@id":"https:\/\/www.loader.at\/en\/#organization"},"potentialAction":[{"@type":"SearchAction","target":{"@type":"EntryPoint","urlTemplate":"https:\/\/www.loader.at\/en\/?s={search_term_string}"},"query-input":{"@type":"PropertyValueSpecification","valueRequired":true,"valueName":"search_term_string"}}],"inLanguage":"en-US"},{"@type":"Organization","@id":"https:\/\/www.loader.at\/en\/#organization","name":"HNO Dr. Benjamin Loader","url":"https:\/\/www.loader.at\/en\/","logo":{"@type":"ImageObject","inLanguage":"en-US","@id":"https:\/\/www.loader.at\/en\/#\/schema\/logo\/image\/","url":"https:\/\/www.loader.at\/wp-content\/uploads\/2024\/05\/BENJI_LOADERlogo_transparent-blau.png","contentUrl":"https:\/\/www.loader.at\/wp-content\/uploads\/2024\/05\/BENJI_LOADERlogo_transparent-blau.png","width":2139,"height":662,"caption":"HNO Dr. Benjamin Loader"},"image":{"@id":"https:\/\/www.loader.at\/en\/#\/schema\/logo\/image\/"}}]}},"_links":{"self":[{"href":"https:\/\/www.loader.at\/en\/wp-json\/wp\/v2\/pages\/284","targetHints":{"allow":["GET"]}}],"collection":[{"href":"https:\/\/www.loader.at\/en\/wp-json\/wp\/v2\/pages"}],"about":[{"href":"https:\/\/www.loader.at\/en\/wp-json\/wp\/v2\/types\/page"}],"author":[{"embeddable":true,"href":"https:\/\/www.loader.at\/en\/wp-json\/wp\/v2\/users\/1"}],"replies":[{"embeddable":true,"href":"https:\/\/www.loader.at\/en\/wp-json\/wp\/v2\/comments?post=284"}],"version-history":[{"count":4,"href":"https:\/\/www.loader.at\/en\/wp-json\/wp\/v2\/pages\/284\/revisions"}],"predecessor-version":[{"id":290,"href":"https:\/\/www.loader.at\/en\/wp-json\/wp\/v2\/pages\/284\/revisions\/290"}],"wp:attachment":[{"href":"https:\/\/www.loader.at\/en\/wp-json\/wp\/v2\/media?parent=284"}],"curies":[{"name":"wp","href":"https:\/\/api.w.org\/{rel}","templated":true}]}}